{"id":787,"date":"2025-02-08T09:06:37","date_gmt":"2025-02-08T09:06:37","guid":{"rendered":"https:\/\/gravitacija.org\/?page_id=787"},"modified":"2025-02-08T09:06:37","modified_gmt":"2025-02-08T09:06:37","slug":"wishlist","status":"publish","type":"page","link":"https:\/\/gravitacija.org\/en\/wishlist\/","title":{"rendered":"Wishlist"},"content":{"rendered":"<p>[WP_TRAVEL_ENGINE_WISHLIST]<\/p>\n","protected":false},"excerpt":{"rendered":"<p>[WP_TRAVEL_ENGINE_WISHLIST]<\/p>\n","protected":false},"author":5,"featured_media":0,"parent":0,"menu_order":0,"comment_status":"closed","ping_status":"closed","template":"","meta":{"_kadence_starter_templates_imported_post":false,"_kad_post_transparent":"","_kad_post_title":"","_kad_post_layout":"","_kad_post_sidebar_id":"","_kad_post_content_style":"","_kad_post_vertical_padding":"","_kad_post_feature":"","_kad_post_feature_position":"","_kad_post_header":false,"_kad_post_footer":false,"footnotes":""},"class_list":["post-787","page","type-page","status-publish","hentry"],"yoast_head":"<!-- This site is optimized with the Yoast SEO plugin v24.4 - https:\/\/yoast.com\/wordpress\/plugins\/seo\/ -->\n<title>Wishlist - GRAVITACIJATandem paragliding So\u010da Valley, paragliding Tolmin, So\u010da Valley activities, paragliding Slovenia, accommodation in Tolmin, quality rooms Tolmin, rooms near Tolmin center, So\u010da Valley tourism, outdoor activities Tolmin, stay in Tolmin, adventure sports Slovenia<\/title>\n<meta name=\"description\" content=\"Experience the thrill of tandem paragliding in the breathtaking So\u010da Valley in Tolmin. Book quality accommodation near Tolmin center with comfortable rooms and easy access to outdoor adventures.\" \/>\n<meta name=\"robots\" content=\"index, follow, max-snippet:-1, max-image-preview:large, max-video-preview:-1\" \/>\n<link rel=\"canonical\" href=\"https:\/\/gravitacija.org\/en\/wishlist\/\" \/>\n<meta property=\"og:locale\" content=\"en_GB\" \/>\n<meta property=\"og:type\" content=\"article\" \/>\n<meta property=\"og:title\" content=\"Wishlist - GRAVITACIJATandem paragliding So\u010da Valley, paragliding Tolmin, So\u010da Valley activities, paragliding Slovenia, accommodation in Tolmin, quality rooms Tolmin, rooms near Tolmin center, So\u010da Valley tourism, outdoor activities Tolmin, stay in Tolmin, adventure sports Slovenia\" \/>\n<meta property=\"og:description\" content=\"Experience the thrill of tandem paragliding in the breathtaking So\u010da Valley in Tolmin. Book quality accommodation near Tolmin center with comfortable rooms and easy access to outdoor adventures.\" \/>\n<meta property=\"og:url\" content=\"https:\/\/gravitacija.org\/en\/wishlist\/\" \/>\n<meta property=\"og:site_name\" content=\"GRAVITACIJA\" \/>\n<meta property=\"article:publisher\" content=\"https:\/\/www.facebook.com\/gravity.paragliding?locale=sl_SI\" \/>\n<meta name=\"twitter:card\" content=\"summary_large_image\" \/>\n<script type=\"application\/ld+json\" class=\"yoast-schema-graph\">{\"@context\":\"https:\/\/schema.org\",\"@graph\":[{\"@type\":\"WebPage\",\"@id\":\"https:\/\/gravitacija.org\/wishlist\/\",\"url\":\"https:\/\/gravitacija.org\/wishlist\/\",\"name\":\"Wishlist - GRAVITACIJATandem paragliding So\u010da Valley, paragliding Tolmin, So\u010da Valley activities, paragliding Slovenia, accommodation in Tolmin, quality rooms Tolmin, rooms near Tolmin center, So\u010da Valley tourism, outdoor activities Tolmin, stay in Tolmin, adventure sports Slovenia\",\"isPartOf\":{\"@id\":\"https:\/\/gravitacija.org\/#website\"},\"datePublished\":\"2025-02-08T09:06:37+00:00\",\"description\":\"Experience the thrill of tandem paragliding in the breathtaking So\u010da Valley in Tolmin. Book quality accommodation near Tolmin center with comfortable rooms and easy access to outdoor adventures.\",\"breadcrumb\":{\"@id\":\"https:\/\/gravitacija.org\/wishlist\/#breadcrumb\"},\"inLanguage\":\"en-GB\",\"potentialAction\":[{\"@type\":\"ReadAction\",\"target\":[\"https:\/\/gravitacija.org\/wishlist\/\"]}]},{\"@type\":\"BreadcrumbList\",\"@id\":\"https:\/\/gravitacija.org\/wishlist\/#breadcrumb\",\"itemListElement\":[{\"@type\":\"ListItem\",\"position\":1,\"name\":\"Home\",\"item\":\"https:\/\/gravitacija.org\/\"},{\"@type\":\"ListItem\",\"position\":2,\"name\":\"Wishlist\"}]},{\"@type\":\"WebSite\",\"@id\":\"https:\/\/gravitacija.org\/#website\",\"url\":\"https:\/\/gravitacija.org\/\",\"name\":\"Gravitacija.org\",\"description\":\"Sladke sanje nad oblaki ..\",\"publisher\":{\"@id\":\"https:\/\/gravitacija.org\/#organization\"},\"potentialAction\":[{\"@type\":\"SearchAction\",\"target\":{\"@type\":\"EntryPoint\",\"urlTemplate\":\"https:\/\/gravitacija.org\/?s={search_term_string}\"},\"query-input\":{\"@type\":\"PropertyValueSpecification\",\"valueRequired\":true,\"valueName\":\"search_term_string\"}}],\"inLanguage\":\"en-GB\"},{\"@type\":\"Organization\",\"@id\":\"https:\/\/gravitacija.org\/#organization\",\"name\":\"Gravitacija.org\",\"url\":\"https:\/\/gravitacija.org\/\",\"logo\":{\"@type\":\"ImageObject\",\"inLanguage\":\"en-GB\",\"@id\":\"https:\/\/gravitacija.org\/#\/schema\/logo\/image\/\",\"url\":\"https:\/\/gravitacija.org\/wp-content\/uploads\/2025\/02\/cropped-cropped-logo-brez-ozadje-1-1.png\",\"contentUrl\":\"https:\/\/gravitacija.org\/wp-content\/uploads\/2025\/02\/cropped-cropped-logo-brez-ozadje-1-1.png\",\"width\":511,\"height\":511,\"caption\":\"Gravitacija.org\"},\"image\":{\"@id\":\"https:\/\/gravitacija.org\/#\/schema\/logo\/image\/\"},\"sameAs\":[\"https:\/\/www.facebook.com\/gravity.paragliding?locale=sl_SI\"]}]}<\/script>\n<!-- \/ Yoast SEO plugin. -->","yoast_head_json":{"title":"Wishlist - GRAVITACIJATandem paragliding So\u010da Valley, paragliding Tolmin, So\u010da Valley activities, paragliding Slovenia, accommodation in Tolmin, quality rooms Tolmin, rooms near Tolmin center, So\u010da Valley tourism, outdoor activities Tolmin, stay in Tolmin, adventure sports Slovenia","description":"Experience the thrill of tandem paragliding in the breathtaking So\u010da Valley in Tolmin. Book quality accommodation near Tolmin center with comfortable rooms and easy access to outdoor adventures.","robots":{"index":"index","follow":"follow","max-snippet":"max-snippet:-1","max-image-preview":"max-image-preview:large","max-video-preview":"max-video-preview:-1"},"canonical":"https:\/\/gravitacija.org\/en\/wishlist\/","og_locale":"en_GB","og_type":"article","og_title":"Wishlist - GRAVITACIJATandem paragliding So\u010da Valley, paragliding Tolmin, So\u010da Valley activities, paragliding Slovenia, accommodation in Tolmin, quality rooms Tolmin, rooms near Tolmin center, So\u010da Valley tourism, outdoor activities Tolmin, stay in Tolmin, adventure sports Slovenia","og_description":"Experience the thrill of tandem paragliding in the breathtaking So\u010da Valley in Tolmin. Book quality accommodation near Tolmin center with comfortable rooms and easy access to outdoor adventures.","og_url":"https:\/\/gravitacija.org\/en\/wishlist\/","og_site_name":"GRAVITACIJA","article_publisher":"https:\/\/www.facebook.com\/gravity.paragliding?locale=sl_SI","twitter_card":"summary_large_image","schema":{"@context":"https:\/\/schema.org","@graph":[{"@type":"WebPage","@id":"https:\/\/gravitacija.org\/wishlist\/","url":"https:\/\/gravitacija.org\/wishlist\/","name":"Wishlist - GRAVITACIJATandem paragliding So\u010da Valley, paragliding Tolmin, So\u010da Valley activities, paragliding Slovenia, accommodation in Tolmin, quality rooms Tolmin, rooms near Tolmin center, So\u010da Valley tourism, outdoor activities Tolmin, stay in Tolmin, adventure sports Slovenia","isPartOf":{"@id":"https:\/\/gravitacija.org\/#website"},"datePublished":"2025-02-08T09:06:37+00:00","description":"Experience the thrill of tandem paragliding in the breathtaking So\u010da Valley in Tolmin. Book quality accommodation near Tolmin center with comfortable rooms and easy access to outdoor adventures.","breadcrumb":{"@id":"https:\/\/gravitacija.org\/wishlist\/#breadcrumb"},"inLanguage":"en-GB","potentialAction":[{"@type":"ReadAction","target":["https:\/\/gravitacija.org\/wishlist\/"]}]},{"@type":"BreadcrumbList","@id":"https:\/\/gravitacija.org\/wishlist\/#breadcrumb","itemListElement":[{"@type":"ListItem","position":1,"name":"Home","item":"https:\/\/gravitacija.org\/"},{"@type":"ListItem","position":2,"name":"Wishlist"}]},{"@type":"WebSite","@id":"https:\/\/gravitacija.org\/#website","url":"https:\/\/gravitacija.org\/","name":"Gravitacija.org","description":"Sweet drams above the sky","publisher":{"@id":"https:\/\/gravitacija.org\/#organization"},"potentialAction":[{"@type":"SearchAction","target":{"@type":"EntryPoint","urlTemplate":"https:\/\/gravitacija.org\/?s={search_term_string}"},"query-input":{"@type":"PropertyValueSpecification","valueRequired":true,"valueName":"search_term_string"}}],"inLanguage":"en-GB"},{"@type":"Organization","@id":"https:\/\/gravitacija.org\/#organization","name":"Gravitacija.org","url":"https:\/\/gravitacija.org\/","logo":{"@type":"ImageObject","inLanguage":"en-GB","@id":"https:\/\/gravitacija.org\/#\/schema\/logo\/image\/","url":"https:\/\/gravitacija.org\/wp-content\/uploads\/2025\/02\/cropped-cropped-logo-brez-ozadje-1-1.png","contentUrl":"https:\/\/gravitacija.org\/wp-content\/uploads\/2025\/02\/cropped-cropped-logo-brez-ozadje-1-1.png","width":511,"height":511,"caption":"Gravitacija.org"},"image":{"@id":"https:\/\/gravitacija.org\/#\/schema\/logo\/image\/"},"sameAs":["https:\/\/www.facebook.com\/gravity.paragliding?locale=sl_SI"]}]}},"_links":{"self":[{"href":"https:\/\/gravitacija.org\/en\/wp-json\/wp\/v2\/pages\/787","targetHints":{"allow":["GET"]}}],"collection":[{"href":"https:\/\/gravitacija.org\/en\/wp-json\/wp\/v2\/pages"}],"about":[{"href":"https:\/\/gravitacija.org\/en\/wp-json\/wp\/v2\/types\/page"}],"author":[{"embeddable":true,"href":"https:\/\/gravitacija.org\/en\/wp-json\/wp\/v2\/users\/5"}],"replies":[{"embeddable":true,"href":"https:\/\/gravitacija.org\/en\/wp-json\/wp\/v2\/comments?post=787"}],"version-history":[{"count":0,"href":"https:\/\/gravitacija.org\/en\/wp-json\/wp\/v2\/pages\/787\/revisions"}],"wp:attachment":[{"href":"https:\/\/gravitacija.org\/en\/wp-json\/wp\/v2\/media?parent=787"}],"curies":[{"name":"wp","href":"https:\/\/api.w.org\/{rel}","templated":true}]}}